{"id":790,"date":"2022-08-01T11:20:14","date_gmt":"2022-08-01T11:20:14","guid":{"rendered":"https:\/\/manuals.maytronics.com\/?page_id=790"},"modified":"2022-08-01T11:49:46","modified_gmt":"2022-08-01T11:49:46","slug":"home","status":"publish","type":"page","link":"https:\/\/manuals.maytronics.com\/pt\/","title":{"rendered":"Home"},"content":{"rendered":"","protected":false},"excerpt":{"rendered":"","protected":false},"author":1,"featured_media":0,"parent":0,"menu_order":0,"comment_status":"closed","ping_status":"closed","template":"page-model-search.php","meta":{"_acf_changed":false,"inline_featured_image":false,"footnotes":""},"class_list":["post-790","page","type-page","status-publish","hentry"],"acf":[],"yoast_head":"<!-- This site is optimized with the Yoast SEO plugin v27.3 - https:\/\/yoast.com\/product\/yoast-seo-wordpress\/ -->\n<title>Manuais e Solu\u00e7\u00e3o de Problemas para rob\u00f4s de limpeza Dolphin | Maytronics\u00a0\u00a0<\/title>\n<meta name=\"description\" content=\"Est\u00e1s buscando el manual de tu rob\u00f4 de limpeza Dolphin? Pode encontrar o manual de todos os modelos Dolphin seg\u00fan el pa\u00eds. Encuentra tu manual agora!\" \/>\n<meta name=\"robots\" content=\"index, follow, max-snippet:-1, max-image-preview:large, max-video-preview:-1\" \/>\n<link rel=\"canonical\" href=\"https:\/\/manuals.maytronics.com\/pt\/\" \/>\n<meta property=\"og:locale\" content=\"pt_PT\" \/>\n<meta property=\"og:type\" content=\"article\" \/>\n<meta property=\"og:title\" content=\"Manuais e Solu\u00e7\u00e3o de Problemas para rob\u00f4s de limpeza Dolphin | Maytronics\u00a0\u00a0\" \/>\n<meta property=\"og:description\" content=\"Est\u00e1s buscando el manual de tu rob\u00f4 de limpeza Dolphin? Pode encontrar o manual de todos os modelos Dolphin seg\u00fan el pa\u00eds. Encuentra tu manual agora!\" \/>\n<meta property=\"og:url\" content=\"https:\/\/manuals.maytronics.com\/pt\/\" \/>\n<meta property=\"og:site_name\" content=\"Dolphin pool cleaner - user manuals by Maytronics\" \/>\n<meta property=\"article:modified_time\" content=\"2022-08-01T11:49:46+00:00\" \/>\n<meta name=\"twitter:card\" content=\"summary_large_image\" \/>\n<script type=\"application\/ld+json\" class=\"yoast-schema-graph\">{\"@context\":\"https:\\\/\\\/schema.org\",\"@graph\":[{\"@type\":\"WebPage\",\"@id\":\"https:\\\/\\\/manuals.maytronics.com\\\/pt\\\/\",\"url\":\"https:\\\/\\\/manuals.maytronics.com\\\/pt\\\/\",\"name\":\"Manuais e Solu\u00e7\u00e3o de Problemas para rob\u00f4s de limpeza Dolphin | Maytronics\u00a0\u00a0\",\"isPartOf\":{\"@id\":\"https:\\\/\\\/manuals.maytronics.com\\\/#website\"},\"datePublished\":\"2022-08-01T11:20:14+00:00\",\"dateModified\":\"2022-08-01T11:49:46+00:00\",\"description\":\"Est\u00e1s buscando el manual de tu rob\u00f4 de limpeza Dolphin? Pode encontrar o manual de todos os modelos Dolphin seg\u00fan el pa\u00eds. Encuentra tu manual agora!\",\"breadcrumb\":{\"@id\":\"https:\\\/\\\/manuals.maytronics.com\\\/pt\\\/#breadcrumb\"},\"inLanguage\":\"pt-PT\",\"potentialAction\":[{\"@type\":\"ReadAction\",\"target\":[\"https:\\\/\\\/manuals.maytronics.com\\\/pt\\\/\"]}]},{\"@type\":\"BreadcrumbList\",\"@id\":\"https:\\\/\\\/manuals.maytronics.com\\\/pt\\\/#breadcrumb\",\"itemListElement\":[{\"@type\":\"ListItem\",\"position\":1,\"name\":\"Home\",\"item\":\"https:\\\/\\\/manuals.maytronics.com\\\/pt\\\/\"},{\"@type\":\"ListItem\",\"position\":2,\"name\":\"Home\"}]},{\"@type\":\"WebSite\",\"@id\":\"https:\\\/\\\/manuals.maytronics.com\\\/#website\",\"url\":\"https:\\\/\\\/manuals.maytronics.com\\\/\",\"name\":\"Dolphin pool cleaner - user manuals by Maytronics\",\"description\":\"Dolphin pool cleaner - user manuals by Maytronics\",\"potentialAction\":[{\"@type\":\"SearchAction\",\"target\":{\"@type\":\"EntryPoint\",\"urlTemplate\":\"https:\\\/\\\/manuals.maytronics.com\\\/?s={search_term_string}\"},\"query-input\":{\"@type\":\"PropertyValueSpecification\",\"valueRequired\":true,\"valueName\":\"search_term_string\"}}],\"inLanguage\":\"pt-PT\"}]}<\/script>\n<!-- \/ Yoast SEO plugin. -->","yoast_head_json":{"title":"Manuais e Solu\u00e7\u00e3o de Problemas para rob\u00f4s de limpeza Dolphin | Maytronics\u00a0\u00a0","description":"Est\u00e1s buscando el manual de tu rob\u00f4 de limpeza Dolphin? Pode encontrar o manual de todos os modelos Dolphin seg\u00fan el pa\u00eds. Encuentra tu manual agora!","robots":{"index":"index","follow":"follow","max-snippet":"max-snippet:-1","max-image-preview":"max-image-preview:large","max-video-preview":"max-video-preview:-1"},"canonical":"https:\/\/manuals.maytronics.com\/pt\/","og_locale":"pt_PT","og_type":"article","og_title":"Manuais e Solu\u00e7\u00e3o de Problemas para rob\u00f4s de limpeza Dolphin | Maytronics\u00a0\u00a0","og_description":"Est\u00e1s buscando el manual de tu rob\u00f4 de limpeza Dolphin? Pode encontrar o manual de todos os modelos Dolphin seg\u00fan el pa\u00eds. Encuentra tu manual agora!","og_url":"https:\/\/manuals.maytronics.com\/pt\/","og_site_name":"Dolphin pool cleaner - user manuals by Maytronics","article_modified_time":"2022-08-01T11:49:46+00:00","twitter_card":"summary_large_image","schema":{"@context":"https:\/\/schema.org","@graph":[{"@type":"WebPage","@id":"https:\/\/manuals.maytronics.com\/pt\/","url":"https:\/\/manuals.maytronics.com\/pt\/","name":"Manuais e Solu\u00e7\u00e3o de Problemas para rob\u00f4s de limpeza Dolphin | Maytronics\u00a0\u00a0","isPartOf":{"@id":"https:\/\/manuals.maytronics.com\/#website"},"datePublished":"2022-08-01T11:20:14+00:00","dateModified":"2022-08-01T11:49:46+00:00","description":"Est\u00e1s buscando el manual de tu rob\u00f4 de limpeza Dolphin? Pode encontrar o manual de todos os modelos Dolphin seg\u00fan el pa\u00eds. Encuentra tu manual agora!","breadcrumb":{"@id":"https:\/\/manuals.maytronics.com\/pt\/#breadcrumb"},"inLanguage":"pt-PT","potentialAction":[{"@type":"ReadAction","target":["https:\/\/manuals.maytronics.com\/pt\/"]}]},{"@type":"BreadcrumbList","@id":"https:\/\/manuals.maytronics.com\/pt\/#breadcrumb","itemListElement":[{"@type":"ListItem","position":1,"name":"Home","item":"https:\/\/manuals.maytronics.com\/pt\/"},{"@type":"ListItem","position":2,"name":"Home"}]},{"@type":"WebSite","@id":"https:\/\/manuals.maytronics.com\/#website","url":"https:\/\/manuals.maytronics.com\/","name":"Dolphin pool cleaner - user manuals by Maytronics","description":"Dolphin pool cleaner - user manuals by Maytronics","potentialAction":[{"@type":"SearchAction","target":{"@type":"EntryPoint","urlTemplate":"https:\/\/manuals.maytronics.com\/?s={search_term_string}"},"query-input":{"@type":"PropertyValueSpecification","valueRequired":true,"valueName":"search_term_string"}}],"inLanguage":"pt-PT"}]}},"_links":{"self":[{"href":"https:\/\/manuals.maytronics.com\/pt\/wp-json\/wp\/v2\/pages\/790","targetHints":{"allow":["GET"]}}],"collection":[{"href":"https:\/\/manuals.maytronics.com\/pt\/wp-json\/wp\/v2\/pages"}],"about":[{"href":"https:\/\/manuals.maytronics.com\/pt\/wp-json\/wp\/v2\/types\/page"}],"author":[{"embeddable":true,"href":"https:\/\/manuals.maytronics.com\/pt\/wp-json\/wp\/v2\/users\/1"}],"replies":[{"embeddable":true,"href":"https:\/\/manuals.maytronics.com\/pt\/wp-json\/wp\/v2\/comments?post=790"}],"version-history":[{"count":5,"href":"https:\/\/manuals.maytronics.com\/pt\/wp-json\/wp\/v2\/pages\/790\/revisions"}],"predecessor-version":[{"id":803,"href":"https:\/\/manuals.maytronics.com\/pt\/wp-json\/wp\/v2\/pages\/790\/revisions\/803"}],"wp:attachment":[{"href":"https:\/\/manuals.maytronics.com\/pt\/wp-json\/wp\/v2\/media?parent=790"}],"curies":[{"name":"wp","href":"https:\/\/api.w.org\/{rel}","templated":true}]}}